{"id":1955,"date":"2024-03-05T10:26:48","date_gmt":"2024-03-05T09:26:48","guid":{"rendered":"https:\/\/www.advancedh2valley.eu\/valle-del-hidrogeno\/"},"modified":"2024-06-19T14:47:26","modified_gmt":"2024-06-19T12:47:26","slug":"valle-del-hidrogeno","status":"publish","type":"page","link":"https:\/\/www.advancedh2valley.eu\/es\/valle-del-hidrogeno\/","title":{"rendered":"Valle del Hidr\u00f3geno"},"content":{"rendered":"<p><div class=\"fusion-fullwidth fullwidth-box fusion-builder-row-1 fusion-flex-container has-pattern-background has-mask-background hundred-percent-fullwidth non-hundred-percent-height-scrolling\" style=\"--awb-border-radius-top-left:0px;--awb-border-radius-top-right:0px;--awb-border-radius-bottom-right:0px;--awb-border-radius-bottom-left:0px;--awb-padding-right:0px;--awb-padding-bottom:0px;--awb-padding-left:0px;--awb-margin-bottom:0px;--awb-flex-wrap:wrap;\" ><div class=\"fusion-builder-row fusion-row fusion-flex-align-items-stretch fusion-flex-content-wrap\" style=\"width:calc( 100% + 0px ) !important;max-width:calc( 100% + 0px ) !important;margin-left: calc(-0px \/ 2 );margin-right: calc(-0px \/ 2 );\"><div class=\"fusion-layout-column fusion_builder_column fusion-builder-column-0 fusion_builder_column_1_2 1_2 fusion-flex-column fusion-animated fusion-menu\" style=\"--awb-padding-top:17%;--awb-padding-right:19%;--awb-padding-bottom:19%;--awb-padding-left:19%;--awb-bg-image:linear-gradient(180deg, var(--awb-color1) 0%,hsla(var(--awb-color5-h),var(--awb-color5-s),var(--awb-color5-l),calc( var(--awb-color5-a) - 93% )) 100%);--awb-bg-size:cover;--awb-width-large:50%;--awb-margin-top-large:0px;--awb-spacing-right-large:calc( 0 * calc( 100% - 0 ) );--awb-margin-bottom-large:0px;--awb-spacing-left-large:0px;--awb-width-medium:100%;--awb-order-medium:0;--awb-spacing-right-medium:0px;--awb-spacing-left-medium:0px;--awb-width-small:100%;--awb-order-small:0;--awb-spacing-right-small:0px;--awb-spacing-left-small:0px;\" data-animationType=\"fadeIn\" data-animationDuration=\"1.0\" data-animationOffset=\"top-into-view\" data-scroll-devices=\"small-visibility,medium-visibility,large-visibility\"><div class=\"fusion-column-wrapper fusion-column-has-shadow fusion-flex-justify-content-center fusion-content-layout-column\"><div class=\"fusion-title title fusion-title-1 fusion-sep-none fusion-title-text fusion-title-size-three\" style=\"--awb-margin-bottom:7%;--awb-margin-top-small:10px;--awb-margin-right-small:0px;--awb-margin-bottom-small:10px;--awb-margin-left-small:0px;\"><h3 class=\"fusion-title-heading title-heading-left fusion-responsive-typography-calculated\" style=\"font-family:var(--awb-typography1-font-family);font-weight:var(--awb-typography1-font-weight);font-style:var(--awb-typography1-font-style);margin:0;letter-spacing:var(--awb-typography1-letter-spacing);text-transform:var(--awb-typography1-text-transform);--fontSize:28;line-height:var(--awb-typography1-line-height);\"><strong>Acerca del Valle de Hidr\u00f3geno<\/strong><\/h3><\/div><div class=\"fusion-text fusion-text-1\" style=\"--awb-content-alignment:justify;--awb-font-size:16px;--awb-line-height:var(--awb-typography4-line-height);--awb-letter-spacing:var(--awb-typography4-letter-spacing);--awb-text-transform:var(--awb-typography4-text-transform);--awb-text-font-family:var(--awb-typography4-font-family);--awb-text-font-weight:var(--awb-typography4-font-weight);--awb-text-font-style:var(--awb-typography4-font-style);\"><p>El t\u00e9rmino \u00abValle de Hidr\u00f3geno\u00bb hace referencia a una zona geogr\u00e1fica definida en la que se producen, almacenan, transportan y utilizan, como m\u00ednimo 500 toneladas anuales de hidr\u00f3geno en, al menos, dos aplicaciones diferentes (como la movilidad, la producci\u00f3n energ\u00e9tica y las aplicaciones industriales), para crear un ecosistema del hidr\u00f3geno que pueda crecer y replicarse a medio y largo plazo, as\u00ed como generar sinergias con otros Valles de la UE.<\/p>\n<\/div><\/div><\/div><div class=\"fusion-layout-column fusion_builder_column fusion-builder-column-1 fusion_builder_column_1_2 1_2 fusion-flex-column fusion-column-inner-bg-wrapper fusion-animated\" style=\"--awb-inner-bg-position:center center;--awb-inner-bg-size:cover;--awb-width-large:50%;--awb-margin-top-large:0px;--awb-spacing-right-large:0px;--awb-margin-bottom-large:0px;--awb-spacing-left-large:0px;--awb-width-medium:100%;--awb-order-medium:0;--awb-spacing-right-medium:0px;--awb-spacing-left-medium:0px;--awb-width-small:100%;--awb-order-small:0;--awb-spacing-right-small:0px;--awb-spacing-left-small:0px;\" data-animationType=\"fadeInRight\" data-animationDuration=\"1.0\" data-animationOffset=\"top-into-view\" data-scroll-devices=\"small-visibility,medium-visibility,large-visibility\"><span class=\"fusion-column-inner-bg hover-type-none\"><a class=\"fusion-column-anchor\" href=\"https:\/\/www.advancedh2valley.eu\/overall-loire-valley\/\"><div class=\"awb-column__background-slider\" ><div class=\"awb-background-slider\" data-type=\"column\" data-loop=\"yes\" data-animation=\"fade\" data-slideshow-speed=\"5000\" data-animation-speed=\"800\" data-direction=\"up\" style=\"--awb-image-position:67% 73%;\"><div class=\"swiper-wrapper\"><div class=\"swiper-slide\"><img decoding=\"async\" width=\"3840\" height=\"1767\" src=\"data:image\/svg+xml,%3Csvg%20xmlns%3D%27http%3A%2F%2Fwww.w3.org%2F2000%2Fsvg%27%20width%3D%273840%27%20height%3D%271767%27%20viewBox%3D%270%200%203840%201767%27%3E%3Crect%20width%3D%273840%27%20height%3D%271767%27%20fill-opacity%3D%220%22%2F%3E%3C%2Fsvg%3E\" class=\"awb-background-slider__image lazyload\" alt=\"\" data-orig-src=\"https:\/\/www.advancedh2valley.eu\/wp-content\/uploads\/2024\/04\/hydrogen-valley_advancedh2_valley.png\" \/><\/div><\/div><\/div><\/div><\/a><\/span><div class=\"fusion-column-wrapper fusion-column-has-shadow fusion-flex-justify-content-flex-start fusion-content-layout-column\"><div class=\"fusion-separator fusion-no-large-visibility fusion-full-width-sep\" style=\"align-self: center;margin-left: auto;margin-right: auto;margin-top:20vw;margin-bottom:20vw;width:100%;\"><\/div><\/div><\/div><\/div><\/div><div class=\"fusion-fullwidth fullwidth-box fusion-builder-row-2 fusion-flex-container has-pattern-background has-mask-background hundred-percent-fullwidth non-hundred-percent-height-scrolling\" style=\"--awb-border-radius-top-left:0px;--awb-border-radius-top-right:0px;--awb-border-radius-bottom-right:0px;--awb-border-radius-bottom-left:0px;--awb-padding-right:0px;--awb-padding-bottom:0px;--awb-padding-left:0px;--awb-margin-bottom:0px;--awb-flex-wrap:wrap;\" ><div class=\"fusion-builder-row fusion-row fusion-flex-align-items-stretch fusion-flex-content-wrap\" style=\"width:calc( 100% + 0px ) !important;max-width:calc( 100% + 0px ) !important;margin-left: calc(-0px \/ 2 );margin-right: calc(-0px \/ 2 );\"><div class=\"fusion-layout-column fusion_builder_column fusion-builder-column-2 fusion_builder_column_1_2 1_2 fusion-flex-column fusion-column-inner-bg-wrapper fusion-animated\" style=\"--awb-inner-bg-position:center center;--awb-inner-bg-size:cover;--awb-width-large:50%;--awb-margin-top-large:0px;--awb-spacing-right-large:0px;--awb-margin-bottom-large:0px;--awb-spacing-left-large:0px;--awb-width-medium:100%;--awb-order-medium:0;--awb-spacing-right-medium:0px;--awb-spacing-left-medium:0px;--awb-width-small:100%;--awb-order-small:0;--awb-spacing-right-small:0px;--awb-spacing-left-small:0px;\" data-animationType=\"fadeInRight\" data-animationDuration=\"1.0\" data-animationOffset=\"top-into-view\" data-scroll-devices=\"small-visibility,medium-visibility,large-visibility\"><span class=\"fusion-column-inner-bg hover-type-none\"><a class=\"fusion-column-anchor\" href=\"https:\/\/www.advancedh2valley.eu\/overall-loire-valley\/\"><span class=\"fusion-column-inner-bg-image lazyload\" data-bg=\"https:\/\/www.advancedh2valley.eu\/wp-content\/uploads\/2024\/03\/Loire-Valley.jpg\"><\/span><\/a><\/span><div class=\"fusion-column-wrapper fusion-column-has-shadow fusion-flex-justify-content-flex-start fusion-content-layout-column fusion-column-has-bg-image\" data-bg-url=\"https:\/\/www.advancedh2valley.eu\/wp-content\/uploads\/2024\/03\/Loire-Valley.jpg\"><div class=\"fusion-separator fusion-no-large-visibility fusion-full-width-sep\" style=\"align-self: center;margin-left: auto;margin-right: auto;margin-top:20vw;margin-bottom:20vw;width:100%;\"><\/div><\/div><\/div><div class=\"fusion-layout-column fusion_builder_column fusion-builder-column-3 fusion_builder_column_1_2 1_2 fusion-flex-column fusion-animated fusion-menu\" style=\"--awb-padding-top:17%;--awb-padding-right:19%;--awb-padding-bottom:19%;--awb-padding-left:19%;--awb-bg-image:linear-gradient(180deg, var(--awb-color1) 0%,hsla(var(--awb-color5-h),var(--awb-color5-s),var(--awb-color5-l),calc( var(--awb-color5-a) - 93% )) 100%);--awb-bg-size:cover;--awb-width-large:50%;--awb-margin-top-large:0px;--awb-spacing-right-large:calc( 0 * calc( 100% - 0 ) );--awb-margin-bottom-large:0px;--awb-spacing-left-large:0px;--awb-width-medium:100%;--awb-order-medium:0;--awb-spacing-right-medium:0px;--awb-spacing-left-medium:0px;--awb-width-small:100%;--awb-order-small:0;--awb-spacing-right-small:0px;--awb-spacing-left-small:0px;\" data-animationType=\"fadeIn\" data-animationDuration=\"1.0\" data-animationOffset=\"top-into-view\" data-scroll-devices=\"small-visibility,medium-visibility,large-visibility\"><div class=\"fusion-column-wrapper fusion-column-has-shadow fusion-flex-justify-content-center fusion-content-layout-column\"><div class=\"fusion-text fusion-text-2\" style=\"--awb-content-alignment:justify;--awb-font-size:16px;--awb-line-height:var(--awb-typography4-line-height);--awb-letter-spacing:var(--awb-typography4-letter-spacing);--awb-text-transform:var(--awb-typography4-text-transform);--awb-text-font-family:var(--awb-typography4-font-family);--awb-text-font-weight:var(--awb-typography4-font-weight);--awb-text-font-style:var(--awb-typography4-font-style);\"><p>Los Valles de Hidr\u00f3geno constituyen un marco \u00f3ptimo para generar sinergias entre agentes regionales interdependientes, tanto p\u00fablicos como privados, que invierten en el desarrollo de la econom\u00eda del hidr\u00f3geno y que cuentan con la posibilidad de poner en pr\u00e1ctica ambiciosos casos empresariales asociados a los diferentes usos del hidr\u00f3geno, as\u00ed como de contribuir a una mayor aceptaci\u00f3n de las tecnolog\u00edas del hidr\u00f3geno y al desarrollo necesario de las nuevas competencias que requiere la creciente industria del hidr\u00f3geno. AdvancedH2Valley es utilizar el hidr\u00f3geno producido en el Valle del Loira en distintos sectores de transporte, como los camiones, los veh\u00edculos ligeros o los todoterreno, as\u00ed como en aplicaciones industriales (es decir, las industrias manufactureras y las m\u00e1s dif\u00edciles de descarbonizar, conocidas como hard-to-abate).<\/p>\n<\/div><\/div><\/div><\/div><\/div><\/p>\n","protected":false},"excerpt":{"rendered":"","protected":false},"author":2,"featured_media":1957,"parent":0,"menu_order":0,"comment_status":"closed","ping_status":"closed","template":"100-width.php","meta":{"footnotes":""},"class_list":["post-1955","page","type-page","status-publish","has-post-thumbnail","hentry"],"yoast_head":"<!-- This site is optimized with the Yoast SEO plugin v27.4 - https:\/\/yoast.com\/product\/yoast-seo-wordpress\/ -->\n<title>AdvancedH2Valley - Valle del Hidr\u00f3geno<\/title>\n<meta name=\"description\" content=\"El objetivo de AdvancedH2Valley es utilizar el hidr\u00f3geno producido en el Valle del Loira en distintos sectores del transporte. Leer m\u00e1s &gt;&gt;\" \/>\n<meta name=\"robots\" content=\"index, follow, max-snippet:-1, max-image-preview:large, max-video-preview:-1\" \/>\n<link rel=\"canonical\" href=\"https:\/\/www.advancedh2valley.eu\/es\/valle-del-hidrogeno\/\" \/>\n<meta property=\"og:locale\" content=\"es_ES\" \/>\n<meta property=\"og:type\" content=\"article\" \/>\n<meta property=\"og:title\" content=\"AdvancedH2Valley - Valle del Hidr\u00f3geno\" \/>\n<meta property=\"og:description\" content=\"El objetivo de AdvancedH2Valley es utilizar el hidr\u00f3geno producido en el Valle del Loira en distintos sectores del transporte. Leer m\u00e1s &gt;&gt;\" \/>\n<meta property=\"og:url\" content=\"https:\/\/www.advancedh2valley.eu\/es\/valle-del-hidrogeno\/\" \/>\n<meta property=\"og:site_name\" content=\"AdvancedH2Valley\" \/>\n<meta property=\"article:modified_time\" content=\"2024-06-19T12:47:26+00:00\" \/>\n<meta property=\"og:image\" content=\"https:\/\/www.advancedh2valley.eu\/wp-content\/uploads\/2024\/03\/Loire-Valley-1.jpg\" \/>\n\t<meta property=\"og:image:width\" content=\"1000\" \/>\n\t<meta property=\"og:image:height\" content=\"667\" \/>\n\t<meta property=\"og:image:type\" content=\"image\/jpeg\" \/>\n<meta name=\"twitter:card\" content=\"summary_large_image\" \/>\n<meta name=\"twitter:label1\" content=\"Tiempo de lectura\" \/>\n\t<meta name=\"twitter:data1\" content=\"17 minutos\" \/>\n<script type=\"application\/ld+json\" class=\"yoast-schema-graph\">{\"@context\":\"https:\\\/\\\/schema.org\",\"@graph\":[{\"@type\":\"WebPage\",\"@id\":\"https:\\\/\\\/www.advancedh2valley.eu\\\/es\\\/valle-del-hidrogeno\\\/\",\"url\":\"https:\\\/\\\/www.advancedh2valley.eu\\\/es\\\/valle-del-hidrogeno\\\/\",\"name\":\"AdvancedH2Valley - Valle del Hidr\u00f3geno\",\"isPartOf\":{\"@id\":\"https:\\\/\\\/www.advancedh2valley.eu\\\/es\\\/#website\"},\"primaryImageOfPage\":{\"@id\":\"https:\\\/\\\/www.advancedh2valley.eu\\\/es\\\/valle-del-hidrogeno\\\/#primaryimage\"},\"image\":{\"@id\":\"https:\\\/\\\/www.advancedh2valley.eu\\\/es\\\/valle-del-hidrogeno\\\/#primaryimage\"},\"thumbnailUrl\":\"https:\\\/\\\/www.advancedh2valley.eu\\\/wp-content\\\/uploads\\\/2024\\\/03\\\/Loire-Valley-1.jpg\",\"datePublished\":\"2024-03-05T09:26:48+00:00\",\"dateModified\":\"2024-06-19T12:47:26+00:00\",\"description\":\"El objetivo de AdvancedH2Valley es utilizar el hidr\u00f3geno producido en el Valle del Loira en distintos sectores del transporte. Leer m\u00e1s >>\",\"breadcrumb\":{\"@id\":\"https:\\\/\\\/www.advancedh2valley.eu\\\/es\\\/valle-del-hidrogeno\\\/#breadcrumb\"},\"inLanguage\":\"es\",\"potentialAction\":[{\"@type\":\"ReadAction\",\"target\":[\"https:\\\/\\\/www.advancedh2valley.eu\\\/es\\\/valle-del-hidrogeno\\\/\"]}]},{\"@type\":\"ImageObject\",\"inLanguage\":\"es\",\"@id\":\"https:\\\/\\\/www.advancedh2valley.eu\\\/es\\\/valle-del-hidrogeno\\\/#primaryimage\",\"url\":\"https:\\\/\\\/www.advancedh2valley.eu\\\/wp-content\\\/uploads\\\/2024\\\/03\\\/Loire-Valley-1.jpg\",\"contentUrl\":\"https:\\\/\\\/www.advancedh2valley.eu\\\/wp-content\\\/uploads\\\/2024\\\/03\\\/Loire-Valley-1.jpg\",\"width\":1000,\"height\":667},{\"@type\":\"BreadcrumbList\",\"@id\":\"https:\\\/\\\/www.advancedh2valley.eu\\\/es\\\/valle-del-hidrogeno\\\/#breadcrumb\",\"itemListElement\":[{\"@type\":\"ListItem\",\"position\":1,\"name\":\"Home\",\"item\":\"https:\\\/\\\/www.advancedh2valley.eu\\\/es\\\/\"},{\"@type\":\"ListItem\",\"position\":2,\"name\":\"Valle del Hidr\u00f3geno\"}]},{\"@type\":\"WebSite\",\"@id\":\"https:\\\/\\\/www.advancedh2valley.eu\\\/es\\\/#website\",\"url\":\"https:\\\/\\\/www.advancedh2valley.eu\\\/es\\\/\",\"name\":\"AdvancedH2Valley\",\"description\":\"\",\"potentialAction\":[{\"@type\":\"SearchAction\",\"target\":{\"@type\":\"EntryPoint\",\"urlTemplate\":\"https:\\\/\\\/www.advancedh2valley.eu\\\/es\\\/?s={search_term_string}\"},\"query-input\":{\"@type\":\"PropertyValueSpecification\",\"valueRequired\":true,\"valueName\":\"search_term_string\"}}],\"inLanguage\":\"es\"}]}<\/script>\n<!-- \/ Yoast SEO plugin. -->","yoast_head_json":{"title":"AdvancedH2Valley - Valle del Hidr\u00f3geno","description":"El objetivo de AdvancedH2Valley es utilizar el hidr\u00f3geno producido en el Valle del Loira en distintos sectores del transporte. Leer m\u00e1s >>","robots":{"index":"index","follow":"follow","max-snippet":"max-snippet:-1","max-image-preview":"max-image-preview:large","max-video-preview":"max-video-preview:-1"},"canonical":"https:\/\/www.advancedh2valley.eu\/es\/valle-del-hidrogeno\/","og_locale":"es_ES","og_type":"article","og_title":"AdvancedH2Valley - Valle del Hidr\u00f3geno","og_description":"El objetivo de AdvancedH2Valley es utilizar el hidr\u00f3geno producido en el Valle del Loira en distintos sectores del transporte. Leer m\u00e1s >>","og_url":"https:\/\/www.advancedh2valley.eu\/es\/valle-del-hidrogeno\/","og_site_name":"AdvancedH2Valley","article_modified_time":"2024-06-19T12:47:26+00:00","og_image":[{"width":1000,"height":667,"url":"https:\/\/www.advancedh2valley.eu\/wp-content\/uploads\/2024\/03\/Loire-Valley-1.jpg","type":"image\/jpeg"}],"twitter_card":"summary_large_image","twitter_misc":{"Tiempo de lectura":"17 minutos"},"schema":{"@context":"https:\/\/schema.org","@graph":[{"@type":"WebPage","@id":"https:\/\/www.advancedh2valley.eu\/es\/valle-del-hidrogeno\/","url":"https:\/\/www.advancedh2valley.eu\/es\/valle-del-hidrogeno\/","name":"AdvancedH2Valley - Valle del Hidr\u00f3geno","isPartOf":{"@id":"https:\/\/www.advancedh2valley.eu\/es\/#website"},"primaryImageOfPage":{"@id":"https:\/\/www.advancedh2valley.eu\/es\/valle-del-hidrogeno\/#primaryimage"},"image":{"@id":"https:\/\/www.advancedh2valley.eu\/es\/valle-del-hidrogeno\/#primaryimage"},"thumbnailUrl":"https:\/\/www.advancedh2valley.eu\/wp-content\/uploads\/2024\/03\/Loire-Valley-1.jpg","datePublished":"2024-03-05T09:26:48+00:00","dateModified":"2024-06-19T12:47:26+00:00","description":"El objetivo de AdvancedH2Valley es utilizar el hidr\u00f3geno producido en el Valle del Loira en distintos sectores del transporte. Leer m\u00e1s >>","breadcrumb":{"@id":"https:\/\/www.advancedh2valley.eu\/es\/valle-del-hidrogeno\/#breadcrumb"},"inLanguage":"es","potentialAction":[{"@type":"ReadAction","target":["https:\/\/www.advancedh2valley.eu\/es\/valle-del-hidrogeno\/"]}]},{"@type":"ImageObject","inLanguage":"es","@id":"https:\/\/www.advancedh2valley.eu\/es\/valle-del-hidrogeno\/#primaryimage","url":"https:\/\/www.advancedh2valley.eu\/wp-content\/uploads\/2024\/03\/Loire-Valley-1.jpg","contentUrl":"https:\/\/www.advancedh2valley.eu\/wp-content\/uploads\/2024\/03\/Loire-Valley-1.jpg","width":1000,"height":667},{"@type":"BreadcrumbList","@id":"https:\/\/www.advancedh2valley.eu\/es\/valle-del-hidrogeno\/#breadcrumb","itemListElement":[{"@type":"ListItem","position":1,"name":"Home","item":"https:\/\/www.advancedh2valley.eu\/es\/"},{"@type":"ListItem","position":2,"name":"Valle del Hidr\u00f3geno"}]},{"@type":"WebSite","@id":"https:\/\/www.advancedh2valley.eu\/es\/#website","url":"https:\/\/www.advancedh2valley.eu\/es\/","name":"AdvancedH2Valley","description":"","potentialAction":[{"@type":"SearchAction","target":{"@type":"EntryPoint","urlTemplate":"https:\/\/www.advancedh2valley.eu\/es\/?s={search_term_string}"},"query-input":{"@type":"PropertyValueSpecification","valueRequired":true,"valueName":"search_term_string"}}],"inLanguage":"es"}]}},"_links":{"self":[{"href":"https:\/\/www.advancedh2valley.eu\/es\/wp-json\/wp\/v2\/pages\/1955","targetHints":{"allow":["GET"]}}],"collection":[{"href":"https:\/\/www.advancedh2valley.eu\/es\/wp-json\/wp\/v2\/pages"}],"about":[{"href":"https:\/\/www.advancedh2valley.eu\/es\/wp-json\/wp\/v2\/types\/page"}],"author":[{"embeddable":true,"href":"https:\/\/www.advancedh2valley.eu\/es\/wp-json\/wp\/v2\/users\/2"}],"replies":[{"embeddable":true,"href":"https:\/\/www.advancedh2valley.eu\/es\/wp-json\/wp\/v2\/comments?post=1955"}],"version-history":[{"count":2,"href":"https:\/\/www.advancedh2valley.eu\/es\/wp-json\/wp\/v2\/pages\/1955\/revisions"}],"predecessor-version":[{"id":1959,"href":"https:\/\/www.advancedh2valley.eu\/es\/wp-json\/wp\/v2\/pages\/1955\/revisions\/1959"}],"wp:featuredmedia":[{"embeddable":true,"href":"https:\/\/www.advancedh2valley.eu\/es\/wp-json\/wp\/v2\/media\/1957"}],"wp:attachment":[{"href":"https:\/\/www.advancedh2valley.eu\/es\/wp-json\/wp\/v2\/media?parent=1955"}],"curies":[{"name":"wp","href":"https:\/\/api.w.org\/{rel}","templated":true}]}}