{"id":1787,"date":"2024-03-05T10:26:48","date_gmt":"2024-03-05T09:26:48","guid":{"rendered":"https:\/\/www.advancedh2valley.eu\/vallee-de-lhydrogene\/"},"modified":"2024-06-12T08:47:01","modified_gmt":"2024-06-12T06:47:01","slug":"vallee-de-lhydrogene","status":"publish","type":"page","link":"https:\/\/www.advancedh2valley.eu\/fr\/vallee-de-lhydrogene\/","title":{"rendered":"Vall\u00e9e de l&rsquo;Hydrog\u00e8ne"},"content":{"rendered":"<p><div class=\"fusion-fullwidth fullwidth-box fusion-builder-row-1 fusion-flex-container has-pattern-background has-mask-background hundred-percent-fullwidth non-hundred-percent-height-scrolling\" style=\"--awb-border-radius-top-left:0px;--awb-border-radius-top-right:0px;--awb-border-radius-bottom-right:0px;--awb-border-radius-bottom-left:0px;--awb-padding-right:0px;--awb-padding-bottom:0px;--awb-padding-left:0px;--awb-margin-bottom:0px;--awb-flex-wrap:wrap;\" ><div class=\"fusion-builder-row fusion-row fusion-flex-align-items-stretch fusion-flex-content-wrap\" style=\"width:calc( 100% + 0px ) !important;max-width:calc( 100% + 0px ) !important;margin-left: calc(-0px \/ 2 );margin-right: calc(-0px \/ 2 );\"><div class=\"fusion-layout-column fusion_builder_column fusion-builder-column-0 fusion_builder_column_1_2 1_2 fusion-flex-column fusion-animated fusion-menu\" style=\"--awb-padding-top:17%;--awb-padding-right:19%;--awb-padding-bottom:19%;--awb-padding-left:19%;--awb-bg-image:linear-gradient(180deg, var(--awb-color1) 0%,hsla(var(--awb-color5-h),var(--awb-color5-s),var(--awb-color5-l),calc( var(--awb-color5-a) - 93% )) 100%);--awb-bg-size:cover;--awb-width-large:50%;--awb-margin-top-large:0px;--awb-spacing-right-large:calc( 0 * calc( 100% - 0 ) );--awb-margin-bottom-large:0px;--awb-spacing-left-large:0px;--awb-width-medium:100%;--awb-order-medium:0;--awb-spacing-right-medium:0px;--awb-spacing-left-medium:0px;--awb-width-small:100%;--awb-order-small:0;--awb-spacing-right-small:0px;--awb-spacing-left-small:0px;\" data-animationType=\"fadeIn\" data-animationDuration=\"1.0\" data-animationOffset=\"top-into-view\" data-scroll-devices=\"small-visibility,medium-visibility,large-visibility\"><div class=\"fusion-column-wrapper fusion-column-has-shadow fusion-flex-justify-content-center fusion-content-layout-column\"><div class=\"fusion-title title fusion-title-1 fusion-sep-none fusion-title-text fusion-title-size-three\" style=\"--awb-margin-bottom:7%;--awb-margin-top-small:10px;--awb-margin-right-small:0px;--awb-margin-bottom-small:10px;--awb-margin-left-small:0px;\"><h3 class=\"fusion-title-heading title-heading-left fusion-responsive-typography-calculated\" style=\"font-family:var(--awb-typography1-font-family);font-weight:var(--awb-typography1-font-weight);font-style:var(--awb-typography1-font-style);margin:0;letter-spacing:var(--awb-typography1-letter-spacing);text-transform:var(--awb-typography1-text-transform);--fontSize:28;line-height:var(--awb-typography1-line-height);\"><strong>\u00c0 propos de la vall\u00e9e de l&rsquo;hydrog\u00e8ne<\/strong><\/h3><\/div><div class=\"fusion-text fusion-text-1\" style=\"--awb-content-alignment:justify;--awb-font-size:16px;--awb-line-height:var(--awb-typography4-line-height);--awb-letter-spacing:var(--awb-typography4-letter-spacing);--awb-text-transform:var(--awb-typography4-text-transform);--awb-text-font-family:var(--awb-typography4-font-family);--awb-text-font-weight:var(--awb-typography4-font-weight);--awb-text-font-style:var(--awb-typography4-font-style);\"><p>Le terme \u00ab\u00a0Vall\u00e9e de l&rsquo;Hydrog\u00e8ne\u00a0\u00bb d\u00e9signe une zone g\u00e9ographique d\u00e9finie o\u00f9 au moins 500 t\/an d&rsquo;hydrog\u00e8ne sont produits, stock\u00e9s, transport\u00e9s et utilis\u00e9s dans au moins deux applications diff\u00e9rentes (par exemple, mobilit\u00e9, production d&rsquo;\u00e9nergie, applications industrielles) pour cr\u00e9er un \u00e9cosyst\u00e8me hydrog\u00e8ne pouvant cro\u00eetre et \u00eatre reproduit \u00e0 moyen et long terme et \u00e9tablir des synergies avec d&rsquo;autres Vall\u00e9es de l&rsquo;UE.<\/p>\n<\/div><\/div><\/div><div class=\"fusion-layout-column fusion_builder_column fusion-builder-column-1 fusion_builder_column_1_2 1_2 fusion-flex-column fusion-column-inner-bg-wrapper fusion-animated\" style=\"--awb-inner-bg-position:center center;--awb-inner-bg-size:cover;--awb-width-large:50%;--awb-margin-top-large:0px;--awb-spacing-right-large:0px;--awb-margin-bottom-large:0px;--awb-spacing-left-large:0px;--awb-width-medium:100%;--awb-order-medium:0;--awb-spacing-right-medium:0px;--awb-spacing-left-medium:0px;--awb-width-small:100%;--awb-order-small:0;--awb-spacing-right-small:0px;--awb-spacing-left-small:0px;\" data-animationType=\"fadeInRight\" data-animationDuration=\"1.0\" data-animationOffset=\"top-into-view\" data-scroll-devices=\"small-visibility,medium-visibility,large-visibility\"><span class=\"fusion-column-inner-bg hover-type-none\"><a class=\"fusion-column-anchor\" href=\"https:\/\/www.advancedh2valley.eu\/overall-loire-valley\/\"><div class=\"awb-column__background-slider\" ><div class=\"awb-background-slider\" data-type=\"column\" data-loop=\"yes\" data-animation=\"fade\" data-slideshow-speed=\"5000\" data-animation-speed=\"800\" data-direction=\"up\" style=\"--awb-image-position:67% 73%;\"><div class=\"swiper-wrapper\"><div class=\"swiper-slide\"><img decoding=\"async\" width=\"3840\" height=\"1767\" src=\"data:image\/svg+xml,%3Csvg%20xmlns%3D%27http%3A%2F%2Fwww.w3.org%2F2000%2Fsvg%27%20width%3D%273840%27%20height%3D%271767%27%20viewBox%3D%270%200%203840%201767%27%3E%3Crect%20width%3D%273840%27%20height%3D%271767%27%20fill-opacity%3D%220%22%2F%3E%3C%2Fsvg%3E\" class=\"awb-background-slider__image lazyload\" alt=\"\" data-orig-src=\"https:\/\/www.advancedh2valley.eu\/wp-content\/uploads\/2024\/04\/hydrogen-valley_advancedh2_valley.png\" \/><\/div><\/div><\/div><\/div><\/a><\/span><div class=\"fusion-column-wrapper fusion-column-has-shadow fusion-flex-justify-content-flex-start fusion-content-layout-column\"><div class=\"fusion-separator fusion-no-large-visibility fusion-full-width-sep\" style=\"align-self: center;margin-left: auto;margin-right: auto;margin-top:20vw;margin-bottom:20vw;width:100%;\"><\/div><\/div><\/div><\/div><\/div><div class=\"fusion-fullwidth fullwidth-box fusion-builder-row-2 fusion-flex-container has-pattern-background has-mask-background hundred-percent-fullwidth non-hundred-percent-height-scrolling\" style=\"--awb-border-radius-top-left:0px;--awb-border-radius-top-right:0px;--awb-border-radius-bottom-right:0px;--awb-border-radius-bottom-left:0px;--awb-padding-right:0px;--awb-padding-bottom:0px;--awb-padding-left:0px;--awb-margin-bottom:0px;--awb-flex-wrap:wrap;\" ><div class=\"fusion-builder-row fusion-row fusion-flex-align-items-stretch fusion-flex-content-wrap\" style=\"width:calc( 100% + 0px ) !important;max-width:calc( 100% + 0px ) !important;margin-left: calc(-0px \/ 2 );margin-right: calc(-0px \/ 2 );\"><div class=\"fusion-layout-column fusion_builder_column fusion-builder-column-2 fusion_builder_column_1_2 1_2 fusion-flex-column fusion-column-inner-bg-wrapper fusion-animated\" style=\"--awb-inner-bg-position:center center;--awb-inner-bg-size:cover;--awb-width-large:50%;--awb-margin-top-large:0px;--awb-spacing-right-large:0px;--awb-margin-bottom-large:0px;--awb-spacing-left-large:0px;--awb-width-medium:100%;--awb-order-medium:0;--awb-spacing-right-medium:0px;--awb-spacing-left-medium:0px;--awb-width-small:100%;--awb-order-small:0;--awb-spacing-right-small:0px;--awb-spacing-left-small:0px;\" data-animationType=\"fadeInRight\" data-animationDuration=\"1.0\" data-animationOffset=\"top-into-view\" data-scroll-devices=\"small-visibility,medium-visibility,large-visibility\"><span class=\"fusion-column-inner-bg hover-type-none\"><a class=\"fusion-column-anchor\" href=\"https:\/\/www.advancedh2valley.eu\/overall-loire-valley\/\"><span class=\"fusion-column-inner-bg-image lazyload\" data-bg=\"https:\/\/www.advancedh2valley.eu\/wp-content\/uploads\/2024\/03\/Loire-Valley.jpg\"><\/span><\/a><\/span><div class=\"fusion-column-wrapper fusion-column-has-shadow fusion-flex-justify-content-flex-start fusion-content-layout-column fusion-column-has-bg-image\" data-bg-url=\"https:\/\/www.advancedh2valley.eu\/wp-content\/uploads\/2024\/03\/Loire-Valley.jpg\"><div class=\"fusion-separator fusion-no-large-visibility fusion-full-width-sep\" style=\"align-self: center;margin-left: auto;margin-right: auto;margin-top:20vw;margin-bottom:20vw;width:100%;\"><\/div><\/div><\/div><div class=\"fusion-layout-column fusion_builder_column fusion-builder-column-3 fusion_builder_column_1_2 1_2 fusion-flex-column fusion-animated fusion-menu\" style=\"--awb-padding-top:17%;--awb-padding-right:19%;--awb-padding-bottom:19%;--awb-padding-left:19%;--awb-bg-image:linear-gradient(180deg, var(--awb-color1) 0%,hsla(var(--awb-color5-h),var(--awb-color5-s),var(--awb-color5-l),calc( var(--awb-color5-a) - 93% )) 100%);--awb-bg-size:cover;--awb-width-large:50%;--awb-margin-top-large:0px;--awb-spacing-right-large:calc( 0 * calc( 100% - 0 ) );--awb-margin-bottom-large:0px;--awb-spacing-left-large:0px;--awb-width-medium:100%;--awb-order-medium:0;--awb-spacing-right-medium:0px;--awb-spacing-left-medium:0px;--awb-width-small:100%;--awb-order-small:0;--awb-spacing-right-small:0px;--awb-spacing-left-small:0px;\" data-animationType=\"fadeIn\" data-animationDuration=\"1.0\" data-animationOffset=\"top-into-view\" data-scroll-devices=\"small-visibility,medium-visibility,large-visibility\"><div class=\"fusion-column-wrapper fusion-column-has-shadow fusion-flex-justify-content-center fusion-content-layout-column\"><div class=\"fusion-text fusion-text-2\" style=\"--awb-content-alignment:justify;--awb-font-size:16px;--awb-line-height:var(--awb-typography4-line-height);--awb-letter-spacing:var(--awb-typography4-letter-spacing);--awb-text-transform:var(--awb-typography4-text-transform);--awb-text-font-family:var(--awb-typography4-font-family);--awb-text-font-weight:var(--awb-typography4-font-weight);--awb-text-font-style:var(--awb-typography4-font-style);\"><p>Les Vall\u00e9es de l&rsquo;Hydrog\u00e8ne constituent un cadre optimal pour cr\u00e9er des synergies entre les acteurs r\u00e9gionaux priv\u00e9s et publics interconnect\u00e9s investissant dans le d\u00e9veloppement de l&rsquo;\u00e9conomie de l&rsquo;hydrog\u00e8ne, ayant la possibilit\u00e9 de d\u00e9montrer des cas d&rsquo;affaires ambitieux associ\u00e9s aux diff\u00e9rentes utilisations de l&rsquo;hydrog\u00e8ne ainsi que de contribuer \u00e0 l&rsquo;acceptation plus large des technologies de l&rsquo;hydrog\u00e8ne et au d\u00e9veloppement n\u00e9cessaire de nouvelles comp\u00e9tences requises par l&rsquo;industrie croissante de l&rsquo;hydrog\u00e8ne. En particulier, AdvancedH2Valley vise \u00e0 utiliser l&rsquo;hydrog\u00e8ne produit dans la Vall\u00e9e de la Loire dans diff\u00e9rents secteurs de transport (par exemple, camions, v\u00e9hicules l\u00e9gers, v\u00e9hicules hors route) et applications industrielles (par exemple, fabrication et industries difficiles \u00e0 d\u00e9carboner).<\/p>\n<\/div><\/div><\/div><\/div><\/div><\/p>\n","protected":false},"excerpt":{"rendered":"","protected":false},"author":2,"featured_media":1789,"parent":0,"menu_order":0,"comment_status":"closed","ping_status":"closed","template":"100-width.php","meta":{"footnotes":""},"class_list":["post-1787","page","type-page","status-publish","has-post-thumbnail","hentry"],"yoast_head":"<!-- This site is optimized with the Yoast SEO plugin v27.4 - https:\/\/yoast.com\/product\/yoast-seo-wordpress\/ -->\n<title>AdvancedH2Valley - Vall\u00e9e de l&#039;Hydrog\u00e8ne<\/title>\n<meta name=\"description\" content=\"AdvancedH2Valley vise \u00e0 utiliser l&#039;hydrog\u00e8ne produit dans la vall\u00e9e de la Loire dans diff\u00e9rents secteurs du transport. Lire la suite &gt;&gt;\" \/>\n<meta name=\"robots\" content=\"index, follow, max-snippet:-1, max-image-preview:large, max-video-preview:-1\" \/>\n<link rel=\"canonical\" href=\"https:\/\/www.advancedh2valley.eu\/fr\/vallee-de-lhydrogene\/\" \/>\n<meta property=\"og:locale\" content=\"fr_FR\" \/>\n<meta property=\"og:type\" content=\"article\" \/>\n<meta property=\"og:title\" content=\"AdvancedH2Valley - Vall\u00e9e de l&#039;Hydrog\u00e8ne\" \/>\n<meta property=\"og:description\" content=\"AdvancedH2Valley vise \u00e0 utiliser l&#039;hydrog\u00e8ne produit dans la vall\u00e9e de la Loire dans diff\u00e9rents secteurs du transport. Lire la suite &gt;&gt;\" \/>\n<meta property=\"og:url\" content=\"https:\/\/www.advancedh2valley.eu\/fr\/vallee-de-lhydrogene\/\" \/>\n<meta property=\"og:site_name\" content=\"AdvancedH2Valley\" \/>\n<meta property=\"article:modified_time\" content=\"2024-06-12T06:47:01+00:00\" \/>\n<meta property=\"og:image\" content=\"https:\/\/www.advancedh2valley.eu\/wp-content\/uploads\/2024\/03\/Loire-Valley-1.jpg\" \/>\n\t<meta property=\"og:image:width\" content=\"1000\" \/>\n\t<meta property=\"og:image:height\" content=\"667\" \/>\n\t<meta property=\"og:image:type\" content=\"image\/jpeg\" \/>\n<meta name=\"twitter:card\" content=\"summary_large_image\" \/>\n<meta name=\"twitter:label1\" content=\"Dur\u00e9e de lecture estim\u00e9e\" \/>\n\t<meta name=\"twitter:data1\" content=\"17 minutes\" \/>\n<script type=\"application\/ld+json\" class=\"yoast-schema-graph\">{\"@context\":\"https:\\\/\\\/schema.org\",\"@graph\":[{\"@type\":\"WebPage\",\"@id\":\"https:\\\/\\\/www.advancedh2valley.eu\\\/fr\\\/vallee-de-lhydrogene\\\/\",\"url\":\"https:\\\/\\\/www.advancedh2valley.eu\\\/fr\\\/vallee-de-lhydrogene\\\/\",\"name\":\"AdvancedH2Valley - Vall\u00e9e de l'Hydrog\u00e8ne\",\"isPartOf\":{\"@id\":\"https:\\\/\\\/www.advancedh2valley.eu\\\/fr\\\/#website\"},\"primaryImageOfPage\":{\"@id\":\"https:\\\/\\\/www.advancedh2valley.eu\\\/fr\\\/vallee-de-lhydrogene\\\/#primaryimage\"},\"image\":{\"@id\":\"https:\\\/\\\/www.advancedh2valley.eu\\\/fr\\\/vallee-de-lhydrogene\\\/#primaryimage\"},\"thumbnailUrl\":\"https:\\\/\\\/www.advancedh2valley.eu\\\/wp-content\\\/uploads\\\/2024\\\/03\\\/Loire-Valley-1.jpg\",\"datePublished\":\"2024-03-05T09:26:48+00:00\",\"dateModified\":\"2024-06-12T06:47:01+00:00\",\"description\":\"AdvancedH2Valley vise \u00e0 utiliser l'hydrog\u00e8ne produit dans la vall\u00e9e de la Loire dans diff\u00e9rents secteurs du transport. Lire la suite >>\",\"breadcrumb\":{\"@id\":\"https:\\\/\\\/www.advancedh2valley.eu\\\/fr\\\/vallee-de-lhydrogene\\\/#breadcrumb\"},\"inLanguage\":\"fr-FR\",\"potentialAction\":[{\"@type\":\"ReadAction\",\"target\":[\"https:\\\/\\\/www.advancedh2valley.eu\\\/fr\\\/vallee-de-lhydrogene\\\/\"]}]},{\"@type\":\"ImageObject\",\"inLanguage\":\"fr-FR\",\"@id\":\"https:\\\/\\\/www.advancedh2valley.eu\\\/fr\\\/vallee-de-lhydrogene\\\/#primaryimage\",\"url\":\"https:\\\/\\\/www.advancedh2valley.eu\\\/wp-content\\\/uploads\\\/2024\\\/03\\\/Loire-Valley-1.jpg\",\"contentUrl\":\"https:\\\/\\\/www.advancedh2valley.eu\\\/wp-content\\\/uploads\\\/2024\\\/03\\\/Loire-Valley-1.jpg\",\"width\":1000,\"height\":667},{\"@type\":\"BreadcrumbList\",\"@id\":\"https:\\\/\\\/www.advancedh2valley.eu\\\/fr\\\/vallee-de-lhydrogene\\\/#breadcrumb\",\"itemListElement\":[{\"@type\":\"ListItem\",\"position\":1,\"name\":\"Home\",\"item\":\"https:\\\/\\\/www.advancedh2valley.eu\\\/fr\\\/\"},{\"@type\":\"ListItem\",\"position\":2,\"name\":\"Vall\u00e9e de l&#8217;Hydrog\u00e8ne\"}]},{\"@type\":\"WebSite\",\"@id\":\"https:\\\/\\\/www.advancedh2valley.eu\\\/fr\\\/#website\",\"url\":\"https:\\\/\\\/www.advancedh2valley.eu\\\/fr\\\/\",\"name\":\"AdvancedH2Valley\",\"description\":\"\",\"potentialAction\":[{\"@type\":\"SearchAction\",\"target\":{\"@type\":\"EntryPoint\",\"urlTemplate\":\"https:\\\/\\\/www.advancedh2valley.eu\\\/fr\\\/?s={search_term_string}\"},\"query-input\":{\"@type\":\"PropertyValueSpecification\",\"valueRequired\":true,\"valueName\":\"search_term_string\"}}],\"inLanguage\":\"fr-FR\"}]}<\/script>\n<!-- \/ Yoast SEO plugin. -->","yoast_head_json":{"title":"AdvancedH2Valley - Vall\u00e9e de l'Hydrog\u00e8ne","description":"AdvancedH2Valley vise \u00e0 utiliser l'hydrog\u00e8ne produit dans la vall\u00e9e de la Loire dans diff\u00e9rents secteurs du transport. Lire la suite >>","robots":{"index":"index","follow":"follow","max-snippet":"max-snippet:-1","max-image-preview":"max-image-preview:large","max-video-preview":"max-video-preview:-1"},"canonical":"https:\/\/www.advancedh2valley.eu\/fr\/vallee-de-lhydrogene\/","og_locale":"fr_FR","og_type":"article","og_title":"AdvancedH2Valley - Vall\u00e9e de l'Hydrog\u00e8ne","og_description":"AdvancedH2Valley vise \u00e0 utiliser l'hydrog\u00e8ne produit dans la vall\u00e9e de la Loire dans diff\u00e9rents secteurs du transport. Lire la suite >>","og_url":"https:\/\/www.advancedh2valley.eu\/fr\/vallee-de-lhydrogene\/","og_site_name":"AdvancedH2Valley","article_modified_time":"2024-06-12T06:47:01+00:00","og_image":[{"width":1000,"height":667,"url":"https:\/\/www.advancedh2valley.eu\/wp-content\/uploads\/2024\/03\/Loire-Valley-1.jpg","type":"image\/jpeg"}],"twitter_card":"summary_large_image","twitter_misc":{"Dur\u00e9e de lecture estim\u00e9e":"17 minutes"},"schema":{"@context":"https:\/\/schema.org","@graph":[{"@type":"WebPage","@id":"https:\/\/www.advancedh2valley.eu\/fr\/vallee-de-lhydrogene\/","url":"https:\/\/www.advancedh2valley.eu\/fr\/vallee-de-lhydrogene\/","name":"AdvancedH2Valley - Vall\u00e9e de l'Hydrog\u00e8ne","isPartOf":{"@id":"https:\/\/www.advancedh2valley.eu\/fr\/#website"},"primaryImageOfPage":{"@id":"https:\/\/www.advancedh2valley.eu\/fr\/vallee-de-lhydrogene\/#primaryimage"},"image":{"@id":"https:\/\/www.advancedh2valley.eu\/fr\/vallee-de-lhydrogene\/#primaryimage"},"thumbnailUrl":"https:\/\/www.advancedh2valley.eu\/wp-content\/uploads\/2024\/03\/Loire-Valley-1.jpg","datePublished":"2024-03-05T09:26:48+00:00","dateModified":"2024-06-12T06:47:01+00:00","description":"AdvancedH2Valley vise \u00e0 utiliser l'hydrog\u00e8ne produit dans la vall\u00e9e de la Loire dans diff\u00e9rents secteurs du transport. Lire la suite >>","breadcrumb":{"@id":"https:\/\/www.advancedh2valley.eu\/fr\/vallee-de-lhydrogene\/#breadcrumb"},"inLanguage":"fr-FR","potentialAction":[{"@type":"ReadAction","target":["https:\/\/www.advancedh2valley.eu\/fr\/vallee-de-lhydrogene\/"]}]},{"@type":"ImageObject","inLanguage":"fr-FR","@id":"https:\/\/www.advancedh2valley.eu\/fr\/vallee-de-lhydrogene\/#primaryimage","url":"https:\/\/www.advancedh2valley.eu\/wp-content\/uploads\/2024\/03\/Loire-Valley-1.jpg","contentUrl":"https:\/\/www.advancedh2valley.eu\/wp-content\/uploads\/2024\/03\/Loire-Valley-1.jpg","width":1000,"height":667},{"@type":"BreadcrumbList","@id":"https:\/\/www.advancedh2valley.eu\/fr\/vallee-de-lhydrogene\/#breadcrumb","itemListElement":[{"@type":"ListItem","position":1,"name":"Home","item":"https:\/\/www.advancedh2valley.eu\/fr\/"},{"@type":"ListItem","position":2,"name":"Vall\u00e9e de l&#8217;Hydrog\u00e8ne"}]},{"@type":"WebSite","@id":"https:\/\/www.advancedh2valley.eu\/fr\/#website","url":"https:\/\/www.advancedh2valley.eu\/fr\/","name":"AdvancedH2Valley","description":"","potentialAction":[{"@type":"SearchAction","target":{"@type":"EntryPoint","urlTemplate":"https:\/\/www.advancedh2valley.eu\/fr\/?s={search_term_string}"},"query-input":{"@type":"PropertyValueSpecification","valueRequired":true,"valueName":"search_term_string"}}],"inLanguage":"fr-FR"}]}},"_links":{"self":[{"href":"https:\/\/www.advancedh2valley.eu\/fr\/wp-json\/wp\/v2\/pages\/1787","targetHints":{"allow":["GET"]}}],"collection":[{"href":"https:\/\/www.advancedh2valley.eu\/fr\/wp-json\/wp\/v2\/pages"}],"about":[{"href":"https:\/\/www.advancedh2valley.eu\/fr\/wp-json\/wp\/v2\/types\/page"}],"author":[{"embeddable":true,"href":"https:\/\/www.advancedh2valley.eu\/fr\/wp-json\/wp\/v2\/users\/2"}],"replies":[{"embeddable":true,"href":"https:\/\/www.advancedh2valley.eu\/fr\/wp-json\/wp\/v2\/comments?post=1787"}],"version-history":[{"count":2,"href":"https:\/\/www.advancedh2valley.eu\/fr\/wp-json\/wp\/v2\/pages\/1787\/revisions"}],"predecessor-version":[{"id":1791,"href":"https:\/\/www.advancedh2valley.eu\/fr\/wp-json\/wp\/v2\/pages\/1787\/revisions\/1791"}],"wp:featuredmedia":[{"embeddable":true,"href":"https:\/\/www.advancedh2valley.eu\/fr\/wp-json\/wp\/v2\/media\/1789"}],"wp:attachment":[{"href":"https:\/\/www.advancedh2valley.eu\/fr\/wp-json\/wp\/v2\/media?parent=1787"}],"curies":[{"name":"wp","href":"https:\/\/api.w.org\/{rel}","templated":true}]}}